{"id":30,"date":"2025-01-31T08:02:13","date_gmt":"2025-01-31T14:02:13","guid":{"rendered":"https:\/\/beleza.artereciclada.com.br\/?page_id=30"},"modified":"2025-02-14T17:25:43","modified_gmt":"2025-02-14T20:25:43","slug":"politica-de-cookies","status":"publish","type":"page","link":"https:\/\/beleza.artereciclada.com.br\/it\/politica-de-cookies\/","title":{"rendered":"Informativa sui cookie"},"content":{"rendered":"<div class=\"cookie-policy\">\n    \n    <p>Benvenuti a <strong>Arte della bellezza<\/strong>! La presente Informativa sui cookie descrive come <strong>Arte della bellezza<\/strong> (\"noi\", \"nostro\" o \"ci\") utilizza cookie e tecnologie simili sul sito web <a href=\"https:\/\/beleza.artereciclada.com.br\/it\/\">beauty.artereciclada.com.br<\/a> (di seguito il \"Sito\"). Ci impegniamo a proteggere la vostra privacy e a garantire la trasparenza sull'uso dei cookie, in conformit\u00e0 con la Legge generale sulla protezione dei dati (LGPD - Legge n. 13.709\/2018).<\/p>\n    \n    <h2>1. Cosa sono i cookie<\/h2>\n    <p>I cookie sono piccoli file di testo memorizzati sul vostro dispositivo (computer, tablet, smartphone) quando visitate un sito web. Sono ampiamente utilizzati per far funzionare i siti web in modo pi\u00f9 efficiente e per fornire informazioni ai proprietari dei siti.<\/p>\n    \n    <h2>2. Come utilizziamo i cookie<\/h2>\n    <p>Utilizziamo i cookie per vari scopi, tra cui:<\/p>\n    <ul>\n        <li><strong>Autenticazione e sicurezza<\/strong>Per garantire un accesso sicuro al Sito e alle sue risorse.<\/li>\n        <li><strong>Analisi e miglioramento<\/strong>Capire come gli utenti interagiscono con il sito per migliorarne l'usabilit\u00e0 e i contenuti.<\/li>\n        <li><strong>Personalizzazione<\/strong>Adattare i contenuti e le offerte in base alle preferenze e al comportamento di navigazione dell'utente.<\/li>\n        <li><strong>Pubblicit\u00e0<\/strong>Visualizzare annunci pertinenti e personalizzati e misurare l'efficacia delle campagne pubblicitarie.<\/li>\n    <\/ul>\n    \n    <h2>3. Tipi di cookie utilizzati<\/h2>\n    \n    <h3>3.1 Cookie essenziali<\/h3>\n    <p>Questi cookie sono necessari per il funzionamento di base del Sito. Consentono di navigare sul Sito e di utilizzarne le funzionalit\u00e0, come l'accesso alle aree protette. Senza questi cookie, alcuni servizi offerti dal Sito non possono essere forniti.<\/p>\n    <strong>Esempi di utilizzo:<\/strong>\n    <ul>\n        <li>Mantenere attiva la sessione di login.<\/li>\n        <li>Memorizzare le preferenze linguistiche.<\/li>\n    <\/ul>\n    \n    <h3>3.2 Cookie di prestazione<\/h3>\n    <p>I cookie di prestazione raccolgono informazioni sulle modalit\u00e0 di utilizzo del Sito, come ad esempio le pagine visitate pi\u00f9 spesso e l'eventuale ricezione di messaggi di errore dalle pagine. Questi cookie non raccolgono informazioni che identificano l'utente. Tutte le informazioni raccolte da questi cookie sono aggregate e quindi anonimizzate. Vengono utilizzate esclusivamente per migliorare il funzionamento del Sito.<\/p>\n    <strong>Esempi di utilizzo:<\/strong>\n    <ul>\n        <li>Analisi del traffico del sito web.<\/li>\n        <li>Identificare le aree del sito che necessitano di miglioramenti.<\/li>\n    <\/ul>\n    \n    <h3>3.3 Cookie di funzionalit\u00e0<\/h3>\n    <p>Questi cookie consentono al Sito di ricordare le scelte effettuate dall'utente (come il nome utente, la lingua o la regione) e di fornire funzionalit\u00e0 migliorate e pi\u00f9 personalizzate. Queste informazioni possono essere utilizzate per ricordare le preferenze dell'utente nelle visite future al Sito.<\/p>\n    <strong>Esempi di utilizzo:<\/strong>\n    <ul>\n        <li>Salvataggio delle preferenze di visualizzazione.<\/li>\n        <li>Personalizzazione dei contenuti visualizzati in base alle scelte precedenti dell'utente.<\/li>\n    <\/ul>\n    \n    <h3>3.4 Cookie pubblicitari<\/h3>\n    <p>I cookie pubblicitari vengono utilizzati per visualizzare annunci pubblicitari pi\u00f9 pertinenti all'utente e ai suoi interessi. Vengono inoltre utilizzati per limitare il numero di volte in cui un annuncio viene mostrato e per aiutare a misurare l'efficacia delle campagne pubblicitarie.<\/p>\n    <strong>Esempi di utilizzo:<\/strong>\n    <ul>\n        <li>Visualizzazione di annunci pubblicitari basati sui vostri interessi.<\/li>\n        <li>Controllate la frequenza con cui vi viene mostrato un annuncio specifico.<\/li>\n    <\/ul>\n    \n    <h2>4. Come utilizziamo i cookie<\/h2>\n    <ul>\n        <li><strong>Autenticazione e sicurezza<\/strong>Per garantire un accesso sicuro al Sito e alle sue risorse.<\/li>\n        <li><strong>Analisi e miglioramento<\/strong>Capire come gli utenti interagiscono con il sito per migliorarne l'usabilit\u00e0 e i contenuti.<\/li>\n        <li><strong>Personalizzazione<\/strong>Adattare i contenuti e le offerte in base alle preferenze e al comportamento di navigazione dell'utente.<\/li>\n        <li><strong>Pubblicit\u00e0<\/strong>Visualizzare annunci pertinenti e personalizzati e misurare l'efficacia delle campagne pubblicitarie.<\/li>\n    <\/ul>\n    \n    <h2>5. Gestione dei cookie<\/h2>\n    <p>Gli utenti sono liberi di bloccare o disabilitare i cookie da qualsiasi sito web, compreso il nostro, in qualsiasi momento regolando le impostazioni del proprio browser.<\/p>\n    \n    <h3>5.1 Come bloccare i cookie<\/h3>\n    <p>Di seguito sono riportati i link alle guide dei principali browser, che possono aiutarvi in questa procedura:<\/p>\n    <ul>\n        <li><strong><a href=\"https:\/\/support.microsoft.com\/pt-br\/microsoft-edge\/excluir-cookies-no-microsoft-edge-63947406-40ac-c3b8-57b9-2a946a29ae09\" target=\"_blank\" rel=\"noopener\">Microsoft Edge<\/a><\/strong><\/li>\n        <li><strong><a href=\"https:\/\/support.mozilla.org\/pt-BR\/kb\/ativar-e-desativar-cookies-sitio\" target=\"_blank\" rel=\"noopener\">Mozilla Firefox<\/a><\/strong><\/li>\n        <li><strong><a href=\"https:\/\/support.google.com\/chrome\/answer\/95647?hl=pt-BR\" target=\"_blank\" rel=\"noopener\">Google Chrome<\/a><\/strong><\/li>\n        <li><strong><a href=\"https:\/\/help.opera.com\/en\/latest\/web-preferences\/#cookies\" target=\"_blank\" rel=\"noopener\">Opera<\/a><\/strong><\/li>\n        <li><strong><a href=\"https:\/\/support.apple.com\/pt-br\/guide\/safari\/sfri11471\/mac\" target=\"_blank\" rel=\"noopener\">Safari<\/a><\/strong><\/li>\n    <\/ul>\n    \n    <h3>5.2 Disabilitazione della pubblicit\u00e0 personalizzata<\/h3>\n    <p>Se desiderate disattivare gli annunci personalizzati forniti da Google, potete modificare le vostre impostazioni su <a href=\"https:\/\/adssettings.google.com\/authenticated\" target=\"_blank\" rel=\"noopener\">Impostazioni di Google Ads<\/a>.<\/p>\n    <p>Per disattivare la pubblicit\u00e0 personalizzata di terzi, visitare <a href=\"https:\/\/www.aboutads.info\" target=\"_blank\" rel=\"noopener\">www.aboutads.info<\/a>dove troverete indicazioni su come gestire le vostre preferenze pubblicitarie su diverse piattaforme.<\/p>\n    \n    <strong>Passi per disattivare gli annunci personalizzati:<\/strong>\n    <ol>\n        <li><strong>Google:<\/strong>\n            <ul>\n                <li>Accesso <a href=\"https:\/\/adssettings.google.com\/authenticated\" target=\"_blank\" rel=\"noopener\">Impostazioni di Google Ads<\/a>.<\/li>\n                <li>Disattivare l'opzione \"Personalizzazione annunci\".<\/li>\n            <\/ul>\n        <\/li>\n        <li><strong>Con terze parti:<\/strong>\n            <ul>\n                <li>Visita <a href=\"https:\/\/www.aboutads.info\" target=\"_blank\" rel=\"noopener\">www.aboutads.info<\/a>.<\/li>\n                <li>Seguite le istruzioni per gestire le vostre preferenze pubblicitarie su diverse piattaforme e dispositivi.<\/li>\n            <\/ul>\n        <\/li>\n    <\/ol>\n    \n    <h2>6. Consenso<\/h2>\n    <p>Utilizzando il nostro Sito, l'utente accetta l'uso dei cookie come descritto nella presente Informativa sui cookie. Se non si accetta l'uso di alcuni tipi di cookie, \u00e8 possibile regolare le impostazioni dei cookie secondo le istruzioni fornite sopra. Tuttavia, si prega di notare che la disabilitazione di alcuni cookie potrebbe avere un impatto sulla vostra esperienza sul Sito e limitare l'accesso ad alcune funzionalit\u00e0.<\/p>\n    \n    <h2>7. Aggiornamenti alla Politica sui cookie<\/h2>\n    <p>La presente Informativa sui cookie pu\u00f2 essere aggiornata di tanto in tanto per riflettere le modifiche apportate alle nostre pratiche o per motivi legali. In caso di modifiche, aggiorneremo la data \"Ultimo aggiornamento\" alla fine della presente informativa e pubblicheremo la versione rivista sul Sito. Si consiglia di rivedere periodicamente la presente Informativa sui cookie per rimanere informati sulle modalit\u00e0 di utilizzo dei cookie.<\/p>\n    \n    <h2>8. Servizi di terzi<\/h2>\n    <p>Possiamo utilizzare servizi di terze parti per fornire funzionalit\u00e0 aggiuntive al Sito, come l'elaborazione dei pagamenti, l'analisi dei dati e l'hosting dei contenuti. Queste terze parti possono avere accesso alle informazioni personali dell'utente solo per svolgere questi compiti per nostro conto e sono obbligate a proteggere tali informazioni in conformit\u00e0 alla presente Informativa sulla privacy e alla LGPD.<\/p>\n    \n    <h2>9. La privacy dei bambini<\/h2>\n    <p>Il nostro sito web non \u00e8 destinato ai minori di 18 anni. Non raccogliamo consapevolmente informazioni personali da bambini. Se ci rendiamo conto di aver inavvertitamente raccolto informazioni personali da un bambino, provvederemo a cancellare immediatamente tali informazioni.<\/p>\n    \n    <h2>10. Contatto<\/h2>\n    <p>In caso di domande sulla presente Informativa sui cookie, si prega di contattarci all'indirizzo <a href=\"mailto:contato@artereciclada.com.br\">contato@artereciclada.com.br<\/a>.<\/p>\n    \n    <hr>\n    \n    <p class=\"last-updated\">Ultimo aggiornamento: 19 novembre 2024<\/p>\n<\/div>\n\n\n\n\n<p><\/p>","protected":false},"excerpt":{"rendered":"<p>Bem-vindo ao Beleza Arte! Esta Pol\u00edtica de Cookies descreve como o Beleza Arte (&#8220;n\u00f3s&#8221;, &#8220;nosso&#8221; ou &#8220;conosco&#8221;) utiliza cookies e tecnologias similares no site beleza.artereciclada.com.br (doravante denominado &#8220;Site&#8221;). Estamos comprometidos em proteger sua privacidade e garantir a transpar\u00eancia sobre o uso de cookies, em conformidade com a Lei Geral de Prote\u00e7\u00e3o de Dados (LGPD &#8211; [&hellip;]<\/p>","protected":false},"author":4,"featured_media":0,"parent":0,"menu_order":0,"comment_status":"closed","ping_status":"closed","template":"","meta":{"footnotes":""},"class_list":["post-30","page","type-page","status-publish","hentry"],"blocksy_meta":[],"_links":{"self":[{"href":"https:\/\/beleza.artereciclada.com.br\/it\/wp-json\/wp\/v2\/pages\/30","targetHints":{"allow":["GET"]}}],"collection":[{"href":"https:\/\/beleza.artereciclada.com.br\/it\/wp-json\/wp\/v2\/pages"}],"about":[{"href":"https:\/\/beleza.artereciclada.com.br\/it\/wp-json\/wp\/v2\/types\/page"}],"author":[{"embeddable":true,"href":"https:\/\/beleza.artereciclada.com.br\/it\/wp-json\/wp\/v2\/users\/4"}],"replies":[{"embeddable":true,"href":"https:\/\/beleza.artereciclada.com.br\/it\/wp-json\/wp\/v2\/comments?post=30"}],"version-history":[{"count":3,"href":"https:\/\/beleza.artereciclada.com.br\/it\/wp-json\/wp\/v2\/pages\/30\/revisions"}],"predecessor-version":[{"id":248,"href":"https:\/\/beleza.artereciclada.com.br\/it\/wp-json\/wp\/v2\/pages\/30\/revisions\/248"}],"wp:attachment":[{"href":"https:\/\/beleza.artereciclada.com.br\/it\/wp-json\/wp\/v2\/media?parent=30"}],"curies":[{"name":"wp","href":"https:\/\/api.w.org\/{rel}","templated":true}]}}