{"id":3,"date":"2025-01-24T01:50:31","date_gmt":"2025-01-24T04:50:31","guid":{"rendered":"https:\/\/beleza.artereciclada.com.br\/?page_id=3"},"modified":"2025-02-26T11:38:38","modified_gmt":"2025-02-26T14:38:38","slug":"politica-de-privacidade","status":"publish","type":"page","link":"https:\/\/beleza.artereciclada.com.br\/it\/politica-de-privacidade\/","title":{"rendered":"Informativa sulla privacy"},"content":{"rendered":"<p><span style=\"color: rgb(68, 68, 68);\">La vostra privacy \u00e8 importante per noi. La politica di Beleza Arte \u00e8 quella di rispettare la vostra privacy riguardo a qualsiasi informazione che possiamo raccogliere da voi attraverso il nostro sito web. <a href=\"https:\/\/beleza.artereciclada.com.br\/it\/\">Arte della bellezza<\/a>e altri siti di nostra propriet\u00e0 e gestione.<\/span><\/p>\n\n\n\n<p><span style=\"color: rgb(68, 68, 68);\">Chiediamo informazioni personali solo quando ne abbiamo realmente bisogno per fornirvi un servizio. Lo facciamo con mezzi equi e leciti, con la vostra consapevolezza e il vostro consenso. Vi spieghiamo anche perch\u00e9 li stiamo raccogliendo e come verranno utilizzati.<\/span><\/p>\n\n\n\n<p><span style=\"color: rgb(68, 68, 68);\">Conserviamo le informazioni raccolte solo per il tempo necessario a fornire il servizio richiesto. Quando conserviamo i dati, li proteggiamo con mezzi commercialmente accettabili per prevenire la perdita e il furto, nonch\u00e9 l'accesso, la divulgazione, la copia, l'uso o la modifica non autorizzati.<\/span><\/p>\n\n\n\n<p><span style=\"color: rgb(68, 68, 68);\">Non condividiamo le informazioni di identificazione personale pubblicamente o con terzi, se non nei casi previsti dalla legge.<\/span><\/p>\n\n\n\n<p><span style=\"color: rgb(68, 68, 68);\">Il nostro sito web pu\u00f2 contenere link a siti esterni non gestiti da noi. Si prega di notare che non abbiamo alcun controllo sul contenuto e sulle pratiche di questi siti e non possiamo accettare la responsabilit\u00e0 per i loro rispettivi&nbsp;<\/span><a href=\"https:\/\/politicaprivacidade.com\/\" rel=\"noopener noreferrer\" target=\"_blank\" style=\"background-color: transparent; color: rgb(68, 68, 68);\">politiche sulla privacy<\/a><span style=\"color: rgb(68, 68, 68);\">.<\/span><\/p>\n\n\n\n<p><span style=\"color: rgb(68, 68, 68);\">L'utente \u00e8 libero di rifiutare la richiesta di informazioni personali, fermo restando che potremmo non essere in grado di fornire alcuni dei servizi richiesti.<\/span><\/p>\n\n\n\n<p><span style=\"color: rgb(68, 68, 68);\">L'uso continuato del nostro sito web da parte dell'utente equivale all'accettazione delle nostre pratiche in materia di privacy e informazioni personali. In caso di domande sul modo in cui gestiamo i dati degli utenti e le informazioni personali, vi preghiamo di contattarci.<\/span><\/p>\n\n\n\n<p><span style=\"color: rgb(68, 68, 68);\"><\/span><\/p>\n\n\n\n<ul class=\"wp-block-list\">\n<li><span style=\"color: rgb(68, 68, 68);\">Il servizio Google AdSense che utilizziamo per la pubblicit\u00e0 utilizza un cookie DoubleClick per pubblicare annunci pi\u00f9 pertinenti sul web e limitare il numero di volte in cui un particolare annuncio viene mostrato all'utente.<\/span><\/li>\n\n\n\n<li><span style=\"color: rgb(68, 68, 68);\">Per ulteriori informazioni su Google AdSense, consultare le FAQ ufficiali sulla privacy di Google AdSense.<\/span><\/li>\n\n\n\n<li><span style=\"color: rgb(68, 68, 68);\">Utilizziamo le inserzioni pubblicitarie per compensare i costi di gestione di questo sito e per finanziare gli sviluppi futuri. I cookie pubblicitari comportamentali utilizzati da questo sito hanno lo scopo di garantire che vi vengano proposti gli annunci pi\u00f9 pertinenti possibile, tracciando in modo anonimo i vostri interessi e presentandovi cose simili che potrebbero interessarvi.<\/span><\/li>\n\n\n\n<li><span style=\"color: rgb(68, 68, 68);\">Diversi partner fanno pubblicit\u00e0 per nostro conto e i cookie di tracciamento degli affiliati ci permettono semplicemente di vedere se i nostri clienti sono entrati nel sito tramite uno dei siti dei nostri partner, in modo da poterli accreditare in modo appropriato e, se del caso, permettere ai nostri partner affiliati di offrire eventuali promozioni che potrebbero darvi l'opportunit\u00e0 di fare un acquisto.<\/span><\/li>\n<\/ul>\n\n\n\n<h3 class=\"wp-block-heading\"><span style=\"color: rgb(68, 68, 68);\">Impegno dell'utente<\/span><\/h3>\n\n\n\n<p><span style=\"color: rgb(68, 68, 68);\">L'utente si impegna a fare un uso appropriato dei contenuti e delle informazioni che Beleza Arte offre sul sito e con carattere enunciativo ma non limitativo:<\/span><\/p>\n\n\n\n<ul class=\"wp-block-list\">\n<li><span style=\"color: rgb(68, 68, 68);\">A) Non intraprendere attivit\u00e0 illegali o contrarie alla buona fede o all'ordine pubblico;<\/span><\/li>\n\n\n\n<li><span style=\"color: rgb(68, 68, 68);\">B) Non diffondere contenuti o propaganda razzista o xenofoba, <\/span><span style=\"color: rgb(33, 37, 41);\"><a style=\"color:inherit !important; text-decoration: none !important; font-size: inherit !important;\" href=\"https:\/\/166bet.br.com\" target=\"_blank\" rel=\"noopener\">166bet<\/a><\/span><span style=\"color: rgb(68, 68, 68);\"> o gioco d'azzardo, qualsiasi tipo di pornografia illegale, apologia del terrorismo o contro i diritti umani;<\/span><\/li>\n\n\n\n<li><span style=\"color: rgb(68, 68, 68);\">C) Non causare danni ai sistemi fisici (hardware) e logici (software) di Beleza Arte, dei suoi fornitori o di terzi, non introdurre o diffondere virus informatici o qualsiasi altro sistema hardware o software in grado di causare i suddetti danni.<\/span><\/li>\n<\/ul>\n\n\n\n<h3 class=\"wp-block-heading\"><span style=\"color: rgb(68, 68, 68);\">Ulteriori informazioni<\/span><\/h3>\n\n\n\n<p><span style=\"color: rgb(68, 68, 68);\">Si spera che questo sia stato chiarito e, come gi\u00e0 detto, se non si \u00e8 sicuri di averne bisogno o meno, \u00e8 generalmente pi\u00f9 sicuro lasciare i cookie abilitati se si interagisce con una delle funzionalit\u00e0 utilizzate sul nostro sito.<\/span><\/p>\n\n\n\n<p><span style=\"color: rgb(68, 68, 68);\">Questa politica \u00e8 in vigore dal 26 febbraio 2025 11:38<\/span><\/p>","protected":false},"excerpt":{"rendered":"<p>A sua privacidade \u00e9 importante para n\u00f3s. \u00c9 pol\u00edtica do Beleza Arte respeitar a sua privacidade em rela\u00e7\u00e3o a qualquer informa\u00e7\u00e3o sua que possamos coletar no site Beleza Arte, e outros sites que possu\u00edmos e operamos. Solicitamos informa\u00e7\u00f5es pessoais apenas quando realmente precisamos delas para lhe fornecer um servi\u00e7o. Fazemo-lo por meios justos e legais, [&hellip;]<\/p>","protected":false},"author":1,"featured_media":205,"parent":0,"menu_order":0,"comment_status":"closed","ping_status":"closed","template":"","meta":{"footnotes":""},"class_list":["post-3","page","type-page","status-publish","has-post-thumbnail","hentry"],"blocksy_meta":[],"_links":{"self":[{"href":"https:\/\/beleza.artereciclada.com.br\/it\/wp-json\/wp\/v2\/pages\/3","targetHints":{"allow":["GET"]}}],"collection":[{"href":"https:\/\/beleza.artereciclada.com.br\/it\/wp-json\/wp\/v2\/pages"}],"about":[{"href":"https:\/\/beleza.artereciclada.com.br\/it\/wp-json\/wp\/v2\/types\/page"}],"author":[{"embeddable":true,"href":"https:\/\/beleza.artereciclada.com.br\/it\/wp-json\/wp\/v2\/users\/1"}],"replies":[{"embeddable":true,"href":"https:\/\/beleza.artereciclada.com.br\/it\/wp-json\/wp\/v2\/comments?post=3"}],"version-history":[{"count":4,"href":"https:\/\/beleza.artereciclada.com.br\/it\/wp-json\/wp\/v2\/pages\/3\/revisions"}],"predecessor-version":[{"id":262,"href":"https:\/\/beleza.artereciclada.com.br\/it\/wp-json\/wp\/v2\/pages\/3\/revisions\/262"}],"wp:featuredmedia":[{"embeddable":true,"href":"https:\/\/beleza.artereciclada.com.br\/it\/wp-json\/wp\/v2\/media\/205"}],"wp:attachment":[{"href":"https:\/\/beleza.artereciclada.com.br\/it\/wp-json\/wp\/v2\/media?parent=3"}],"curies":[{"name":"wp","href":"https:\/\/api.w.org\/{rel}","templated":true}]}}