{"id":30,"date":"2025-01-31T08:02:13","date_gmt":"2025-01-31T14:02:13","guid":{"rendered":"https:\/\/beleza.artereciclada.com.br\/?page_id=30"},"modified":"2025-02-14T17:25:43","modified_gmt":"2025-02-14T20:25:43","slug":"politica-de-cookies","status":"publish","type":"page","link":"https:\/\/beleza.artereciclada.com.br\/fr\/politica-de-cookies\/","title":{"rendered":"Politique en mati\u00e8re de cookies"},"content":{"rendered":"<div class=\"cookie-policy\">\n    \n    <p>Bienvenue \u00e0 <strong>Beaut\u00e9 Art<\/strong>! La pr\u00e9sente politique en mati\u00e8re de cookies d\u00e9crit comment <strong>Beaut\u00e9 Art<\/strong> (\"nous\", \"notre\" ou \"nos\") utilise des cookies et des technologies similaires sur le site web <a href=\"https:\/\/beleza.artereciclada.com.br\/fr\/\">beauty.artereciclada.com.br<\/a> (ci-apr\u00e8s d\u00e9nomm\u00e9 le \"Site\"). Nous nous engageons \u00e0 prot\u00e9ger votre vie priv\u00e9e et \u00e0 assurer la transparence sur l'utilisation des cookies, conform\u00e9ment \u00e0 la loi g\u00e9n\u00e9rale sur la protection des donn\u00e9es (LGPD - loi n\u00b0 13 709\/2018).<\/p>\n    \n    <h2>1. Ce que sont les cookies<\/h2>\n    <p>Les cookies sont de petits fichiers texte stock\u00e9s sur votre appareil (ordinateur, tablette, smartphone) lorsque vous visitez un site web. Ils sont largement utilis\u00e9s pour am\u00e9liorer le fonctionnement des sites web et fournir des informations \u00e0 leurs propri\u00e9taires.<\/p>\n    \n    <h2>2. Comment nous utilisons les cookies<\/h2>\n    <p>Nous utilisons des cookies \u00e0 diverses fins, notamment<\/p>\n    <ul>\n        <li><strong>Authentification et s\u00e9curit\u00e9<\/strong>Garantir un acc\u00e8s s\u00e9curis\u00e9 au site et \u00e0 ses ressources.<\/li>\n        <li><strong>Analyse et am\u00e9lioration<\/strong>Comprendre comment les utilisateurs interagissent avec le site afin d'en am\u00e9liorer la convivialit\u00e9 et le contenu.<\/li>\n        <li><strong>Personnalisation<\/strong>Les services d'information sur la vie priv\u00e9e : adapter le contenu et les offres en fonction de vos pr\u00e9f\u00e9rences et de votre comportement en mati\u00e8re de navigation.<\/li>\n        <li><strong>Publicit\u00e9<\/strong>Afficher des publicit\u00e9s pertinentes et personnalis\u00e9es et mesurer l'efficacit\u00e9 des campagnes publicitaires.<\/li>\n    <\/ul>\n    \n    <h2>3. Types de cookies utilis\u00e9s<\/h2>\n    \n    <h3>3.1 Cookies essentiels<\/h3>\n    <p>Ces cookies sont n\u00e9cessaires au fonctionnement de base du site. Ils vous permettent de naviguer sur le site et d'utiliser ses fonctions, telles que l'acc\u00e8s aux zones s\u00e9curis\u00e9es. Sans ces cookies, certains services offerts sur le site ne peuvent \u00eatre fournis.<\/p>\n    <strong>Exemples d'utilisation :<\/strong>\n    <ul>\n        <li>Maintien de la session de connexion active.<\/li>\n        <li>M\u00e9moriser ses pr\u00e9f\u00e9rences linguistiques.<\/li>\n    <\/ul>\n    \n    <h3>3.2 Cookies de performance<\/h3>\n    <p>Les cookies de performance recueillent des informations sur la fa\u00e7on dont vous utilisez le site, comme les pages que vous visitez le plus souvent et si vous recevez des messages d'erreur de ces pages. Ces cookies ne collectent pas d'informations permettant d'identifier l'utilisateur. Toutes les informations collect\u00e9es par ces cookies sont agr\u00e9g\u00e9es et donc anonymes. Elles sont utilis\u00e9es uniquement pour am\u00e9liorer le fonctionnement du site.<\/p>\n    <strong>Exemples d'utilisation :<\/strong>\n    <ul>\n        <li>Analyse du trafic sur le site web.<\/li>\n        <li>Identifier les zones du site qui doivent \u00eatre am\u00e9lior\u00e9es.<\/li>\n    <\/ul>\n    \n    <h3>3.3 Cookies de fonctionnalit\u00e9<\/h3>\n    <p>Ces cookies permettent au site de se souvenir des choix que vous faites (tels que votre nom d'utilisateur, votre langue ou votre r\u00e9gion) et de fournir des fonctions am\u00e9lior\u00e9es et plus personnalis\u00e9es. Ces informations peuvent \u00eatre utilis\u00e9es pour m\u00e9moriser vos pr\u00e9f\u00e9rences lors de vos prochaines visites sur le site.<\/p>\n    <strong>Exemples d'utilisation :<\/strong>\n    <ul>\n        <li>Sauvegarde des pr\u00e9f\u00e9rences de visualisation.<\/li>\n        <li>Personnalisation du contenu affich\u00e9 en fonction de vos choix ant\u00e9rieurs.<\/li>\n    <\/ul>\n    \n    <h3>3.4 Cookies publicitaires<\/h3>\n    <p>Les cookies publicitaires sont utilis\u00e9s pour afficher des publicit\u00e9s plus pertinentes pour vous et vos int\u00e9r\u00eats. Ils sont \u00e9galement utilis\u00e9s pour limiter le nombre de fois qu'une publicit\u00e9 est affich\u00e9e et pour aider \u00e0 mesurer l'efficacit\u00e9 des campagnes publicitaires.<\/p>\n    <strong>Exemples d'utilisation :<\/strong>\n    <ul>\n        <li>Affichage de publicit\u00e9s bas\u00e9es sur vos centres d'int\u00e9r\u00eat.<\/li>\n        <li>Contr\u00f4lez la fr\u00e9quence \u00e0 laquelle une publicit\u00e9 sp\u00e9cifique vous est montr\u00e9e.<\/li>\n    <\/ul>\n    \n    <h2>4. Comment nous utilisons les cookies<\/h2>\n    <ul>\n        <li><strong>Authentification et s\u00e9curit\u00e9<\/strong>Garantir un acc\u00e8s s\u00e9curis\u00e9 au site et \u00e0 ses ressources.<\/li>\n        <li><strong>Analyse et am\u00e9lioration<\/strong>Comprendre comment les utilisateurs interagissent avec le site afin d'en am\u00e9liorer la convivialit\u00e9 et le contenu.<\/li>\n        <li><strong>Personnalisation<\/strong>Les services d'information sur la vie priv\u00e9e : adapter le contenu et les offres en fonction de vos pr\u00e9f\u00e9rences et de votre comportement en mati\u00e8re de navigation.<\/li>\n        <li><strong>Publicit\u00e9<\/strong>Afficher des publicit\u00e9s pertinentes et personnalis\u00e9es et mesurer l'efficacit\u00e9 des campagnes publicitaires.<\/li>\n    <\/ul>\n    \n    <h2>5. Gestion des cookies<\/h2>\n    <p>Les utilisateurs sont libres de bloquer ou de d\u00e9sactiver les cookies de tout site web, y compris le n\u00f4tre, \u00e0 tout moment en ajustant les param\u00e8tres de leur navigateur.<\/p>\n    \n    <h3>5.1 Comment bloquer les cookies<\/h3>\n    <p>Vous trouverez ci-dessous des liens vers les guides d'aide des principaux navigateurs, qui peuvent vous aider dans cette proc\u00e9dure :<\/p>\n    <ul>\n        <li><strong><a href=\"https:\/\/support.microsoft.com\/pt-br\/microsoft-edge\/excluir-cookies-no-microsoft-edge-63947406-40ac-c3b8-57b9-2a946a29ae09\" target=\"_blank\" rel=\"noopener\">Microsoft Edge<\/a><\/strong><\/li>\n        <li><strong><a href=\"https:\/\/support.mozilla.org\/pt-BR\/kb\/ativar-e-desativar-cookies-sitio\" target=\"_blank\" rel=\"noopener\">Mozilla Firefox<\/a><\/strong><\/li>\n        <li><strong><a href=\"https:\/\/support.google.com\/chrome\/answer\/95647?hl=pt-BR\" target=\"_blank\" rel=\"noopener\">Google Chrome<\/a><\/strong><\/li>\n        <li><strong><a href=\"https:\/\/help.opera.com\/en\/latest\/web-preferences\/#cookies\" target=\"_blank\" rel=\"noopener\">Op\u00e9ra<\/a><\/strong><\/li>\n        <li><strong><a href=\"https:\/\/support.apple.com\/pt-br\/guide\/safari\/sfri11471\/mac\" target=\"_blank\" rel=\"noopener\">Safari<\/a><\/strong><\/li>\n    <\/ul>\n    \n    <h3>5.2 D\u00e9sactiver la publicit\u00e9 personnalis\u00e9e<\/h3>\n    <p>Si vous souhaitez d\u00e9sactiver les annonces personnalis\u00e9es fournies par Google, vous pouvez modifier vos param\u00e8tres \u00e0 l'adresse suivante <a href=\"https:\/\/adssettings.google.com\/authenticated\" target=\"_blank\" rel=\"noopener\">Param\u00e8tres des annonces Google<\/a>.<\/p>\n    <p>Pour d\u00e9sactiver la publicit\u00e9 personnalis\u00e9e de tiers, consultez le site suivant <a href=\"https:\/\/www.aboutads.info\" target=\"_blank\" rel=\"noopener\">www.aboutads.info<\/a>o\u00f9 vous trouverez des conseils sur la mani\u00e8re de g\u00e9rer vos pr\u00e9f\u00e9rences en mati\u00e8re de publicit\u00e9 sur diff\u00e9rentes plateformes.<\/p>\n    \n    <strong>Marche \u00e0 suivre pour d\u00e9sactiver les publicit\u00e9s personnalis\u00e9es :<\/strong>\n    <ol>\n        <li><strong>Google :<\/strong>\n            <ul>\n                <li>Acc\u00e8s <a href=\"https:\/\/adssettings.google.com\/authenticated\" target=\"_blank\" rel=\"noopener\">Param\u00e8tres des annonces Google<\/a>.<\/li>\n                <li>D\u00e9sactiver l'option \"Personnalisation des annonces\".<\/li>\n            <\/ul>\n        <\/li>\n        <li><strong>Avec des tiers :<\/strong>\n            <ul>\n                <li>Visiter <a href=\"https:\/\/www.aboutads.info\" target=\"_blank\" rel=\"noopener\">www.aboutads.info<\/a>.<\/li>\n                <li>Suivez les instructions pour g\u00e9rer vos pr\u00e9f\u00e9rences publicitaires sur diff\u00e9rentes plateformes et appareils.<\/li>\n            <\/ul>\n        <\/li>\n    <\/ol>\n    \n    <h2>6. Consentement<\/h2>\n    <p>En utilisant notre site, vous acceptez l'utilisation de cookies telle qu'elle est d\u00e9crite dans la pr\u00e9sente politique en mati\u00e8re de cookies. Si vous n'acceptez pas l'utilisation de certains types de cookies, vous pouvez ajuster vos param\u00e8tres de cookies en suivant les instructions fournies ci-dessus. Toutefois, veuillez noter que la d\u00e9sactivation de certains cookies peut avoir un impact sur votre exp\u00e9rience du site et limiter l'acc\u00e8s \u00e0 certaines fonctionnalit\u00e9s.<\/p>\n    \n    <h2>7. Mises \u00e0 jour de la politique en mati\u00e8re de cookies<\/h2>\n    <p>Nous pouvons mettre \u00e0 jour la pr\u00e9sente politique en mati\u00e8re de cookies de temps \u00e0 autre pour refl\u00e9ter des changements dans nos pratiques ou pour des raisons juridiques. Lorsque nous apporterons des modifications, nous mettrons \u00e0 jour la date de \"derni\u00e8re mise \u00e0 jour\" \u00e0 la fin de la pr\u00e9sente politique et publierons la version r\u00e9vis\u00e9e sur le site. Nous vous recommandons de consulter r\u00e9guli\u00e8rement la pr\u00e9sente politique en mati\u00e8re de cookies afin de rester inform\u00e9 de la mani\u00e8re dont nous utilisons les cookies.<\/p>\n    \n    <h2>8. Services de tiers<\/h2>\n    <p>Nous pouvons faire appel \u00e0 des services tiers pour fournir des fonctionnalit\u00e9s suppl\u00e9mentaires au site, telles que le traitement des paiements, l'analyse des donn\u00e9es et l'h\u00e9bergement du contenu. Ces tiers peuvent avoir acc\u00e8s \u00e0 vos informations personnelles uniquement pour effectuer ces t\u00e2ches en notre nom et sont tenus de prot\u00e9ger ces informations conform\u00e9ment \u00e0 la pr\u00e9sente politique de confidentialit\u00e9 et \u00e0 la LGPD.<\/p>\n    \n    <h2>9. Vie priv\u00e9e des enfants<\/h2>\n    <p>Notre site web n'est pas destin\u00e9 aux enfants de moins de 18 ans. Nous ne recueillons pas sciemment d'informations personnelles aupr\u00e8s d'enfants. Si nous apprenons que nous avons recueilli par inadvertance des informations personnelles aupr\u00e8s d'un enfant, nous prendrons des mesures pour supprimer imm\u00e9diatement ces informations.<\/p>\n    \n    <h2>10. Contact<\/h2>\n    <p>Si vous avez des questions concernant cette politique en mati\u00e8re de cookies, veuillez nous contacter \u00e0 l'adresse suivante <a href=\"mailto:contato@artereciclada.com.br\">contato@artereciclada.com.br<\/a>.<\/p>\n    \n    <hr>\n    \n    <p class=\"last-updated\">Derni\u00e8re mise \u00e0 jour : 19 novembre 2024<\/p>\n<\/div>\n\n\n\n\n<p><\/p>","protected":false},"excerpt":{"rendered":"<p>Bem-vindo ao Beleza Arte! Esta Pol\u00edtica de Cookies descreve como o Beleza Arte (&#8220;n\u00f3s&#8221;, &#8220;nosso&#8221; ou &#8220;conosco&#8221;) utiliza cookies e tecnologias similares no site beleza.artereciclada.com.br (doravante denominado &#8220;Site&#8221;). Estamos comprometidos em proteger sua privacidade e garantir a transpar\u00eancia sobre o uso de cookies, em conformidade com a Lei Geral de Prote\u00e7\u00e3o de Dados (LGPD &#8211; [&hellip;]<\/p>","protected":false},"author":4,"featured_media":0,"parent":0,"menu_order":0,"comment_status":"closed","ping_status":"closed","template":"","meta":{"footnotes":""},"class_list":["post-30","page","type-page","status-publish","hentry"],"blocksy_meta":[],"_links":{"self":[{"href":"https:\/\/beleza.artereciclada.com.br\/fr\/wp-json\/wp\/v2\/pages\/30","targetHints":{"allow":["GET"]}}],"collection":[{"href":"https:\/\/beleza.artereciclada.com.br\/fr\/wp-json\/wp\/v2\/pages"}],"about":[{"href":"https:\/\/beleza.artereciclada.com.br\/fr\/wp-json\/wp\/v2\/types\/page"}],"author":[{"embeddable":true,"href":"https:\/\/beleza.artereciclada.com.br\/fr\/wp-json\/wp\/v2\/users\/4"}],"replies":[{"embeddable":true,"href":"https:\/\/beleza.artereciclada.com.br\/fr\/wp-json\/wp\/v2\/comments?post=30"}],"version-history":[{"count":3,"href":"https:\/\/beleza.artereciclada.com.br\/fr\/wp-json\/wp\/v2\/pages\/30\/revisions"}],"predecessor-version":[{"id":248,"href":"https:\/\/beleza.artereciclada.com.br\/fr\/wp-json\/wp\/v2\/pages\/30\/revisions\/248"}],"wp:attachment":[{"href":"https:\/\/beleza.artereciclada.com.br\/fr\/wp-json\/wp\/v2\/media?parent=30"}],"curies":[{"name":"wp","href":"https:\/\/api.w.org\/{rel}","templated":true}]}}