{"id":30,"date":"2025-01-31T08:02:13","date_gmt":"2025-01-31T14:02:13","guid":{"rendered":"https:\/\/beleza.artereciclada.com.br\/?page_id=30"},"modified":"2026-05-05T18:24:22","modified_gmt":"2026-05-05T21:24:22","slug":"politica-de-cookies","status":"publish","type":"page","link":"https:\/\/beleza.artereciclada.com.br\/es\/politica-de-cookies\/","title":{"rendered":"Pol\u00edtica de cookies"},"content":{"rendered":"<div class=\"cookie-policy\">\n    \n    <p>Bienvenido a <strong>Arte de la belleza<\/strong>\u00a1! Esta Pol\u00edtica de Cookies describe c\u00f3mo <strong>Arte de la belleza<\/strong> (\"nosotros\", \"nuestro\" o \"nos\") utiliza cookies y tecnolog\u00edas similares en el sitio web <a href=\"https:\/\/beleza.artereciclada.com.br\/es\/\">belleza.artereciclada.com.br<\/a> (en adelante, el \"Sitio\"). Nos comprometemos a proteger su privacidad y garantizar la transparencia sobre el uso de cookies, en cumplimiento de la Ley General de Protecci\u00f3n de Datos (LGPD - Ley n.\u00ba 13.709\/2018).<\/p>\n    \n    <h2>1. Qu\u00e9 son las cookies<\/h2>\n    <p>Las cookies son peque\u00f1os archivos de texto que se almacenan en su dispositivo (ordenador, tableta, tel\u00e9fono inteligente) cuando visita un sitio web. Se utilizan ampliamente para que los sitios web funcionen de forma m\u00e1s eficiente, as\u00ed como para proporcionar informaci\u00f3n a los propietarios de los sitios web.<\/p>\n    \n    <h2>2. C\u00f3mo utilizamos las cookies<\/h2>\n    <p>Utilizamos cookies con diversos fines, entre ellos<\/p>\n    <ul>\n        <li><strong>Autenticaci\u00f3n y seguridad<\/strong>Para garantizarle un acceso seguro al Sitio y a sus recursos.<\/li>\n        <li><strong>An\u00e1lisis y mejora<\/strong>Comprender c\u00f3mo interact\u00faan los usuarios con el sitio para mejorar su usabilidad y contenido.<\/li>\n        <li><strong>Personalizaci\u00f3n<\/strong>Adaptar el contenido y las ofertas en funci\u00f3n de sus preferencias y comportamiento de navegaci\u00f3n.<\/li>\n        <li><strong>Publicidad<\/strong>Muestre anuncios relevantes y personalizados y mida la eficacia de las campa\u00f1as publicitarias.<\/li>\n    <\/ul>\n    \n    <h2>3. Tipos de cookies utilizadas<\/h2>\n    \n    <h3>3.1 Cookies esenciales<\/h3>\n    <p>Estas cookies son necesarias para el funcionamiento b\u00e1sico del Sitio. Le permiten navegar por el sitio y utilizar sus funciones, como el acceso a zonas seguras. Sin estas cookies, algunos servicios ofrecidos en el Sitio no pueden prestarse.<\/p>\n    <strong>Ejemplos de uso:<\/strong>\n    <ul>\n        <li>Mantener activa la sesi\u00f3n de inicio de sesi\u00f3n.<\/li>\n        <li>Memorizar sus preferencias ling\u00fc\u00edsticas.<\/li>\n    <\/ul>\n    \n    <h3>3.2 Cookies de rendimiento<\/h3>\n    <p>Las cookies de rendimiento recopilan informaci\u00f3n sobre la forma en que el usuario utiliza el Sitio, como las p\u00e1ginas que visita con m\u00e1s frecuencia y si recibe mensajes de error de las p\u00e1ginas. Estas cookies no recogen informaci\u00f3n que identifique al usuario. Toda la informaci\u00f3n recogida por estas cookies es agregada y, por tanto, anonimizada. Se utiliza \u00fanicamente para mejorar el funcionamiento del Sitio.<\/p>\n    <strong>Ejemplos de uso:<\/strong>\n    <ul>\n        <li>An\u00e1lisis del tr\u00e1fico del sitio web.<\/li>\n        <li>Identificaci\u00f3n de las \u00e1reas del sitio que necesitan mejoras.<\/li>\n    <\/ul>\n    \n    <h3>3.3 Cookies de funcionalidad<\/h3>\n    <p>Estas cookies permiten al Sitio recordar las elecciones que usted hace (como su nombre de usuario, idioma o regi\u00f3n) y proporcionar funciones mejoradas y m\u00e1s personalizadas. Esta informaci\u00f3n puede utilizarse para recordar sus preferencias en futuras visitas al Sitio.<\/p>\n    <strong>Ejemplos de uso:<\/strong>\n    <ul>\n        <li>Guardar las preferencias de visualizaci\u00f3n.<\/li>\n        <li>Personalizar el contenido mostrado en funci\u00f3n de sus elecciones anteriores.<\/li>\n    <\/ul>\n    \n    <h3>3.4 Cookies publicitarias<\/h3>\n    <p>Las cookies publicitarias se utilizan para mostrar anuncios m\u00e1s relevantes para usted y sus intereses. Tambi\u00e9n se utilizan para limitar el n\u00famero de veces que se muestra un anuncio y para ayudar a medir la eficacia de las campa\u00f1as publicitarias.<\/p>\n    <strong>Ejemplos de uso:<\/strong>\n    <ul>\n        <li>Visualizaci\u00f3n de anuncios basados en sus intereses.<\/li>\n        <li>Controle la frecuencia con la que se le muestra un anuncio concreto.<\/li>\n    <\/ul>\n    \n    <h2>4. C\u00f3mo utilizamos las cookies<\/h2>\n    <ul>\n        <li><strong>Autenticaci\u00f3n y seguridad<\/strong>Para garantizarle un acceso seguro al Sitio y a sus recursos.<\/li>\n        <li><strong>An\u00e1lisis y mejora<\/strong>Comprender c\u00f3mo interact\u00faan los usuarios con el sitio para mejorar su usabilidad y contenido.<\/li>\n        <li><strong>Personalizaci\u00f3n<\/strong>Adaptar el contenido y las ofertas en funci\u00f3n de sus preferencias y comportamiento de navegaci\u00f3n.<\/li>\n        <li><strong>Publicidad<\/strong>Muestre anuncios relevantes y personalizados y mida la eficacia de las campa\u00f1as publicitarias.<\/li>\n    <\/ul>\n    \n    <h2>5. Gesti\u00f3n de cookies<\/h2>\n    <p>Los usuarios son libres de bloquear o desactivar las cookies de cualquier sitio web, incluido el nuestro, en cualquier momento ajustando la configuraci\u00f3n de su navegador.<\/p>\n    \n    <h3>5.1 C\u00f3mo bloquear las cookies<\/h3>\n    <p>A continuaci\u00f3n encontrar\u00e1 enlaces a las gu\u00edas de ayuda de los principales navegadores, que pueden ayudarle con este procedimiento:<\/p>\n    <ul>\n        <li><strong><a href=\"https:\/\/support.microsoft.com\/pt-br\/microsoft-edge\/excluir-cookies-no-microsoft-edge-63947406-40ac-c3b8-57b9-2a946a29ae09\" target=\"_blank\" rel=\"noopener\">Microsoft Edge<\/a><\/strong><\/li>\n        <li><strong><a href=\"https:\/\/support.google.com\/chrome\/answer\/95647?hl=pt-BR\" target=\"_blank\" rel=\"noopener\">Google Chrome<\/a><\/strong><\/li>\n        <li><strong><a href=\"https:\/\/help.opera.com\/en\/latest\/web-preferences\/#cookies\" target=\"_blank\" rel=\"noopener\">\u00d3pera<\/a><\/strong><\/li>\n        <li><strong><a href=\"https:\/\/support.apple.com\/pt-br\/guide\/safari\/sfri11471\/mac\" target=\"_blank\" rel=\"noopener\">Safari<\/a><\/strong><\/li>\n    <\/ul>\n    \n    <h3>5.2 Desactivar la publicidad personalizada<\/h3>\n    <p>Si desea inhabilitar los anuncios personalizados proporcionados por Google, puede cambiar la configuraci\u00f3n en <a href=\"https:\/\/adssettings.google.com\/authenticated\" target=\"_blank\" rel=\"noopener\">Configuraci\u00f3n de anuncios de Google<\/a>.<\/p>\n    <p>Para desactivar la publicidad personalizada de terceros, visite <a href=\"https:\/\/www.aboutads.info\" target=\"_blank\" rel=\"noopener\">www.aboutads.info<\/a>donde encontrar\u00e1 orientaciones sobre c\u00f3mo gestionar sus preferencias publicitarias en las distintas plataformas.<\/p>\n    \n    <strong>Pasos para desactivar los anuncios personalizados:<\/strong>\n    <ol>\n        <li><strong>Google:<\/strong>\n            <ul>\n                <li>Acceda a <a href=\"https:\/\/adssettings.google.com\/authenticated\" target=\"_blank\" rel=\"noopener\">Configuraci\u00f3n de anuncios de Google<\/a>.<\/li>\n                <li>Desactive la opci\u00f3n \"Personalizaci\u00f3n de anuncios\".<\/li>\n            <\/ul>\n        <\/li>\n        <li><strong>Con terceros:<\/strong>\n            <ul>\n                <li>Visite <a href=\"https:\/\/www.aboutads.info\" target=\"_blank\" rel=\"noopener\">www.aboutads.info<\/a>.<\/li>\n                <li>Siga las instrucciones para gestionar sus preferencias de anuncios en diferentes plataformas y dispositivos.<\/li>\n            <\/ul>\n        <\/li>\n    <\/ol>\n    \n    <h2>6. Consentimiento<\/h2>\n    <p>Al utilizar nuestro Sitio, usted acepta el uso de cookies tal y como se describe en esta Pol\u00edtica de Cookies. Si no est\u00e1 de acuerdo con el uso de ciertos tipos de cookies, puede ajustar la configuraci\u00f3n de cookies de acuerdo con las instrucciones proporcionadas anteriormente. Sin embargo, tenga en cuenta que deshabilitar algunas cookies puede afectar a su experiencia en el Sitio y limitar el acceso a determinadas funciones.<\/p>\n    \n    <h2>7. Actualizaciones de la pol\u00edtica de cookies<\/h2>\n    <p>Podemos actualizar esta Pol\u00edtica de Cookies de vez en cuando para reflejar los cambios en nuestras pr\u00e1cticas o por razones legales. Cuando realicemos cambios, actualizaremos la fecha de \"\u00daltima actualizaci\u00f3n\" al final de esta pol\u00edtica y publicaremos la versi\u00f3n revisada en el Sitio. Le recomendamos que revise esta Pol\u00edtica de Cookies peri\u00f3dicamente para mantenerse informado sobre c\u00f3mo utilizamos las cookies.<\/p>\n    \n    <h2>8. Servicios de terceros<\/h2>\n    <p>Podemos utilizar servicios de terceros para proporcionar funcionalidades adicionales al Sitio, como procesamiento de pagos, an\u00e1lisis de datos y alojamiento de contenidos. Estos terceros pueden tener acceso a su informaci\u00f3n personal \u00fanicamente para realizar estas tareas en nuestro nombre y est\u00e1n obligados a proteger dicha informaci\u00f3n de conformidad con la presente Pol\u00edtica de Privacidad y la LGPD.<\/p>\n    \n    <h2>9. Privacidad de los ni\u00f1os<\/h2>\n    <p>Nuestro sitio web no est\u00e1 destinado a menores de 18 a\u00f1os. No recopilamos conscientemente informaci\u00f3n personal de ni\u00f1os. Si nos damos cuenta de que hemos recopilado inadvertidamente informaci\u00f3n personal de un ni\u00f1o, tomaremos medidas para eliminar dicha informaci\u00f3n inmediatamente.<\/p>\n    \n    <h2>10. Contacto<\/h2>\n    <p>Si tiene alguna pregunta sobre esta Pol\u00edtica de Cookies, p\u00f3ngase en contacto con nosotros en <a href=\"mailto:contato@artereciclada.com.br\">contato@artereciclada.com.br<\/a>.<\/p>\n    \n    <hr>\n    \n    <p class=\"last-updated\">\u00daltima actualizaci\u00f3n: 19 de noviembre de 2024<\/p>\n<\/div>","protected":false},"excerpt":{"rendered":"<p>Bem-vindo ao Beleza Arte! Esta Pol\u00edtica de Cookies descreve como o Beleza Arte (&#8220;n\u00f3s&#8221;, &#8220;nosso&#8221; ou &#8220;conosco&#8221;) utiliza cookies e tecnologias similares no site beleza.artereciclada.com.br (doravante denominado &#8220;Site&#8221;). Estamos comprometidos em proteger sua privacidade e garantir a transpar\u00eancia sobre o uso de cookies, em conformidade com a Lei Geral de Prote\u00e7\u00e3o de Dados (LGPD &#8211; [&hellip;]<\/p>","protected":false},"author":4,"featured_media":0,"parent":0,"menu_order":0,"comment_status":"closed","ping_status":"closed","template":"","meta":{"footnotes":""},"class_list":["post-30","page","type-page","status-publish","hentry"],"blocksy_meta":[],"_links":{"self":[{"href":"https:\/\/beleza.artereciclada.com.br\/es\/wp-json\/wp\/v2\/pages\/30","targetHints":{"allow":["GET"]}}],"collection":[{"href":"https:\/\/beleza.artereciclada.com.br\/es\/wp-json\/wp\/v2\/pages"}],"about":[{"href":"https:\/\/beleza.artereciclada.com.br\/es\/wp-json\/wp\/v2\/types\/page"}],"author":[{"embeddable":true,"href":"https:\/\/beleza.artereciclada.com.br\/es\/wp-json\/wp\/v2\/users\/4"}],"replies":[{"embeddable":true,"href":"https:\/\/beleza.artereciclada.com.br\/es\/wp-json\/wp\/v2\/comments?post=30"}],"version-history":[{"count":5,"href":"https:\/\/beleza.artereciclada.com.br\/es\/wp-json\/wp\/v2\/pages\/30\/revisions"}],"predecessor-version":[{"id":1286,"href":"https:\/\/beleza.artereciclada.com.br\/es\/wp-json\/wp\/v2\/pages\/30\/revisions\/1286"}],"wp:attachment":[{"href":"https:\/\/beleza.artereciclada.com.br\/es\/wp-json\/wp\/v2\/media?parent=30"}],"curies":[{"name":"wp","href":"https:\/\/api.w.org\/{rel}","templated":true}]}}