{"id":3,"date":"2025-01-24T01:50:31","date_gmt":"2025-01-24T04:50:31","guid":{"rendered":"https:\/\/beleza.artereciclada.com.br\/?page_id=3"},"modified":"2025-02-26T11:38:38","modified_gmt":"2025-02-26T14:38:38","slug":"politica-de-privacidade","status":"publish","type":"page","link":"https:\/\/beleza.artereciclada.com.br\/de\/politica-de-privacidade\/","title":{"rendered":"Datenschutzbestimmungen"},"content":{"rendered":"<p><span style=\"color: rgb(68, 68, 68);\">Ihre Privatsph\u00e4re ist uns wichtig. Beleza Arte respektiert Ihre Privatsph\u00e4re in Bezug auf alle Informationen, die wir \u00fcber unsere Website von Ihnen sammeln. <a href=\"https:\/\/beleza.artereciclada.com.br\/de\/\">Sch\u00f6nheit Kunst<\/a>und andere Websites, die wir besitzen und betreiben.<\/span><\/p>\n\n\n\n<p><span style=\"color: rgb(68, 68, 68);\">Wir fragen nur dann nach pers\u00f6nlichen Informationen, wenn wir sie wirklich ben\u00f6tigen, um Ihnen eine Dienstleistung anbieten zu k\u00f6nnen. Wir tun dies mit fairen und rechtm\u00e4\u00dfigen Mitteln, mit Ihrem Wissen und Ihrer Zustimmung. Wir sagen Ihnen auch, warum wir die Daten sammeln und wie sie verwendet werden.<\/span><\/p>\n\n\n\n<p><span style=\"color: rgb(68, 68, 68);\">Wir speichern die erfassten Daten nur so lange, wie es f\u00fcr die Erbringung der angeforderten Dienstleistung erforderlich ist. Wenn wir Daten speichern, sch\u00fctzen wir sie mit wirtschaftlich vertretbaren Mitteln, um Verlust und Diebstahl sowie unbefugten Zugriff, Offenlegung, Kopieren, Verwendung oder \u00c4nderung zu verhindern.<\/span><\/p>\n\n\n\n<p><span style=\"color: rgb(68, 68, 68);\">Wir geben keine pers\u00f6nlich identifizierbaren Informationen an die \u00d6ffentlichkeit oder an Dritte weiter, es sei denn, dies ist gesetzlich vorgeschrieben.<\/span><\/p>\n\n\n\n<p><span style=\"color: rgb(68, 68, 68);\">Unsere Website kann Links zu externen Websites enthalten, die nicht von uns betrieben werden. Bitte beachten Sie, dass wir keine Kontrolle \u00fcber den Inhalt und die Praktiken dieser Websites haben und keine Verantwortung f\u00fcr deren jeweilige Inhalte \u00fcbernehmen k\u00f6nnen.&nbsp;<\/span><a href=\"https:\/\/politicaprivacidade.com\/\" rel=\"noopener noreferrer\" target=\"_blank\" style=\"background-color: transparent; color: rgb(68, 68, 68);\">Datenschutzrichtlinien<\/a><span style=\"color: rgb(68, 68, 68);\">.<\/span><\/p>\n\n\n\n<p><span style=\"color: rgb(68, 68, 68);\">Es steht Ihnen frei, unsere Anfrage nach personenbezogenen Daten abzulehnen, da wir dann m\u00f6glicherweise nicht in der Lage sind, einige der von Ihnen gew\u00fcnschten Dienstleistungen zu erbringen.<\/span><\/p>\n\n\n\n<p><span style=\"color: rgb(68, 68, 68);\">Wenn Sie unsere Website weiterhin nutzen, erkl\u00e4ren Sie sich mit unseren Praktiken in Bezug auf Datenschutz und pers\u00f6nliche Daten einverstanden. Wenn Sie Fragen dazu haben, wie wir mit Nutzerdaten und pers\u00f6nlichen Informationen umgehen, kontaktieren Sie uns bitte.<\/span><\/p>\n\n\n\n<p><span style=\"color: rgb(68, 68, 68);\"><\/span><\/p>\n\n\n\n<ul class=\"wp-block-list\">\n<li><span style=\"color: rgb(68, 68, 68);\">Der Google AdSense-Dienst, den wir zur Schaltung von Werbung nutzen, verwendet ein DoubleClick-Cookie, um relevantere Anzeigen im Internet zu schalten und die Anzahl der Anzeigen zu begrenzen, die Ihnen angezeigt werden.<\/span><\/li>\n\n\n\n<li><span style=\"color: rgb(68, 68, 68);\">Weitere Informationen zu Google AdSense finden Sie in den offiziellen Google AdSense Datenschutz-FAQs.<\/span><\/li>\n\n\n\n<li><span style=\"color: rgb(68, 68, 68);\">Wir verwenden Anzeigen, um die Betriebskosten dieser Website auszugleichen und Mittel f\u00fcr zuk\u00fcnftige Entwicklungen bereitzustellen. Die Cookies f\u00fcr verhaltensbasierte Werbung, die auf dieser Website verwendet werden, sollen sicherstellen, dass Ihnen m\u00f6glichst relevante Werbung angezeigt wird, indem Ihre Interessen anonym verfolgt und \u00e4hnliche Dinge pr\u00e4sentiert werden, die f\u00fcr Sie von Interesse sein k\u00f6nnten.<\/span><\/li>\n\n\n\n<li><span style=\"color: rgb(68, 68, 68);\">Verschiedene Partner werben in unserem Namen, und mit Hilfe von Cookies zur Nachverfolgung von Partnerschaften k\u00f6nnen wir einfach feststellen, ob unsere Kunden \u00fcber die Websites unserer Partner auf die Website zugegriffen haben, so dass wir ihnen die entsprechenden Gutschriften erteilen k\u00f6nnen und gegebenenfalls unseren Partnerunternehmen die M\u00f6glichkeit geben, Werbeaktionen anzubieten, die Ihnen die Gelegenheit zum Kauf bieten k\u00f6nnten.<\/span><\/li>\n<\/ul>\n\n\n\n<h3 class=\"wp-block-heading\"><span style=\"color: rgb(68, 68, 68);\">Engagement der Nutzer<\/span><\/h3>\n\n\n\n<p><span style=\"color: rgb(68, 68, 68);\">Der Benutzer verpflichtet sich, die Inhalte und Informationen, die Beleza Arte auf der Website anbietet, in angemessener Weise zu nutzen, und zwar mit einem erkl\u00e4renden, aber nicht einschr\u00e4nkenden Charakter:<\/span><\/p>\n\n\n\n<ul class=\"wp-block-list\">\n<li><span style=\"color: rgb(68, 68, 68);\">A) Sie d\u00fcrfen sich nicht an Aktivit\u00e4ten beteiligen, die illegal sind oder gegen Treu und Glauben oder die \u00f6ffentliche Ordnung versto\u00dfen;<\/span><\/li>\n\n\n\n<li><span style=\"color: rgb(68, 68, 68);\">B) Verbreiten Sie keine rassistische oder fremdenfeindliche Propaganda oder Inhalte, <\/span><span style=\"color: rgb(33, 37, 41);\"><a style=\"color:inherit !important; text-decoration: none !important; font-size: inherit !important;\" href=\"https:\/\/166bet.br.com\" target=\"_blank\" rel=\"noopener\">166bet<\/a><\/span><span style=\"color: rgb(68, 68, 68);\"> oder Gl\u00fccksspiel, jede Art von illegaler Pornographie, Entschuldigung f\u00fcr Terrorismus oder gegen die Menschenrechte;<\/span><\/li>\n\n\n\n<li><span style=\"color: rgb(68, 68, 68);\">C) keine Sch\u00e4den an den physischen (Hardware) und logischen (Software) Systemen von Beleza Arte, seinen Lieferanten oder Dritten zu verursachen, keine Computerviren oder andere Hardware- oder Softwaresysteme einzuf\u00fchren oder zu verbreiten, die die oben genannten Sch\u00e4den verursachen k\u00f6nnen.<\/span><\/li>\n<\/ul>\n\n\n\n<h3 class=\"wp-block-heading\"><span style=\"color: rgb(68, 68, 68);\">Weitere Informationen<\/span><\/h3>\n\n\n\n<p><span style=\"color: rgb(68, 68, 68);\">Wie bereits erw\u00e4hnt, ist es im Allgemeinen sicherer, die Cookies aktiviert zu lassen, wenn Sie mit einer der von Ihnen genutzten Funktionen auf unserer Website interagieren.<\/span><\/p>\n\n\n\n<p><span style=\"color: rgb(68, 68, 68);\">Diese Richtlinie gilt ab 26. Februar 2025 11:38<\/span><\/p>","protected":false},"excerpt":{"rendered":"<p>A sua privacidade \u00e9 importante para n\u00f3s. \u00c9 pol\u00edtica do Beleza Arte respeitar a sua privacidade em rela\u00e7\u00e3o a qualquer informa\u00e7\u00e3o sua que possamos coletar no site Beleza Arte, e outros sites que possu\u00edmos e operamos. Solicitamos informa\u00e7\u00f5es pessoais apenas quando realmente precisamos delas para lhe fornecer um servi\u00e7o. Fazemo-lo por meios justos e legais, [&hellip;]<\/p>","protected":false},"author":1,"featured_media":205,"parent":0,"menu_order":0,"comment_status":"closed","ping_status":"closed","template":"","meta":{"footnotes":""},"class_list":["post-3","page","type-page","status-publish","has-post-thumbnail","hentry"],"blocksy_meta":[],"_links":{"self":[{"href":"https:\/\/beleza.artereciclada.com.br\/de\/wp-json\/wp\/v2\/pages\/3","targetHints":{"allow":["GET"]}}],"collection":[{"href":"https:\/\/beleza.artereciclada.com.br\/de\/wp-json\/wp\/v2\/pages"}],"about":[{"href":"https:\/\/beleza.artereciclada.com.br\/de\/wp-json\/wp\/v2\/types\/page"}],"author":[{"embeddable":true,"href":"https:\/\/beleza.artereciclada.com.br\/de\/wp-json\/wp\/v2\/users\/1"}],"replies":[{"embeddable":true,"href":"https:\/\/beleza.artereciclada.com.br\/de\/wp-json\/wp\/v2\/comments?post=3"}],"version-history":[{"count":4,"href":"https:\/\/beleza.artereciclada.com.br\/de\/wp-json\/wp\/v2\/pages\/3\/revisions"}],"predecessor-version":[{"id":262,"href":"https:\/\/beleza.artereciclada.com.br\/de\/wp-json\/wp\/v2\/pages\/3\/revisions\/262"}],"wp:featuredmedia":[{"embeddable":true,"href":"https:\/\/beleza.artereciclada.com.br\/de\/wp-json\/wp\/v2\/media\/205"}],"wp:attachment":[{"href":"https:\/\/beleza.artereciclada.com.br\/de\/wp-json\/wp\/v2\/media?parent=3"}],"curies":[{"name":"wp","href":"https:\/\/api.w.org\/{rel}","templated":true}]}}